{"id":29,"date":"2012-06-20T11:45:08","date_gmt":"2012-06-20T11:45:08","guid":{"rendered":"http:\/\/localhost:8888\/yoga\/wordpress\/?page_id=29"},"modified":"2025-08-19T13:16:34","modified_gmt":"2025-08-19T13:16:34","slug":"horaires","status":"publish","type":"page","link":"https:\/\/yogamallemort.fr\/?page_id=29","title":{"rendered":"Informations"},"content":{"rendered":"\n<p>La pratique se fait sur les tatamis du Dojo&nbsp;(avenue Charles de Gaule \u00e0 Mallemort) ; pr\u00e9voyez une tenue confortable pour bouger dans les quatre positions : coucher\/4 pattes\/debout\/assis. Des vestiaires sont \u00e0 votre disposition si besoin. <\/p>\n\n\n\n<p>Vous aurez besoin d\u2019un drap de bain, d'une 2 \u00e9me paire de chaussettes <b>strictement <\/b>r\u00e9serv\u00e9es<b>&nbsp;<\/b>au<b> <\/b>tatami pour la pratique... Vous pouvez aussi apporter coussin et plaid pour votre confort. Depuis la crise sanitaire par mesure de pr\u00e9caution aucun pr\u00eat de mat\u00e9riel n\u2019est possible.<\/p>\n\n\n\n<p><span style=\"color: #808080;\"><strong>HORAIRES 2025\u2013202<\/strong><\/span>6<\/p>\n\n\n\n<div style=\"float: left; margin-left: 40px;\">\n<p><span style=\"text-decoration: underline; color: #993300;\">LUNDI<\/span><br><span style=\"float: left;\"><strong>15h \u00e0 16h15<\/strong><span style=\"float: left;\"><\/span> <br><span style=\"float: left;\"><strong> 18h30 \u00e0 19h45<\/strong><\/span> <\/span><\/p>\n<\/div>\n\n\n\n<div style=\"float: left; margin-left: 40px;\">\n<p><span style=\"text-decoration: underline; color: #993300;\">JEUDI<\/span><br><span style=\"float: left;\"><strong>10h30 \u00e0 11h45<\/strong><\/span><br><span style=\"float: left;\"><\/span><\/p>\n<\/div>\n\n\n\n<div style=\"float: left; margin-left: 40px;\">\n<p>&nbsp;<\/p>\n<\/div>\n\n\n\n<div style=\"margin-top: 100px;\">&nbsp;<\/div>\n\n\n\n<blockquote class=\"wp-block-quote\"><p><\/p><\/blockquote>\n\n\n\n<div style=\"margin-top: 20px;\">\n<p>Les inscriptions sont ouvertes toute l\u2019ann\u00e9e. Vous pouvez contacter l\u2019enseignante Patricia Besson au 07 85 78 97 95 ou <a href=\"http:\/\/yogamallemort.fr\/wp-admin\/post.php?post=8&amp;action=edit\">patricia.besson95@gmail.com<\/a> pour prendre rendez vous pour un cours d\u2019essai et obtenir plus d'informations<\/p>\n\n<\/div>\n\n\n\n<div style=\"margin-top: 50px;\"><img src=\"http:\/\/yogamallemort.fr\/wp-content\/uploads\/2013\/07\/yogalogo-100.png\" alt=\"logo cours de yoga future maman\"><br><strong>COURS FUTURE MAMAN<\/strong> <strong>Pour pr\u00e9parer et vivre la naissance.<br><\/strong>Les cours sont ouverts \u00e0 partir du 4\u00e8me mois de grossesse. Un certificat m\u00e9dical sera obligatoire d\u00e8s le premier cours.<br>Veuillez prendre contact avec Patricia pour fixer un rendez-vous ou pour avoir de plus amples informations.<\/div>\n\n\n\n<div style=\"margin-top: 30px;\"><a href=\" http:\/\/yogamallemort.fr\/?page_id=322\"><strong><span style=\"color: #339966;\">TARIFS ET INSCRIPTIONS<\/span><\/strong><\/a><\/div>\n\n\n\n<div style=\"margin-top: 30px;\">&nbsp;<\/div>\n\n\n\n<div style=\"margin-top: 30px;\">&nbsp;<\/div>\n\n\n\n<div style=\"margin-top: 30px;\">&nbsp;<\/div>\n","protected":false},"excerpt":{"rendered":"<p>La pratique se fait sur les tatamis du Dojo&nbsp;(avenue Charles de Gaule \u00e0 Mallemort) ; pr\u00e9voyez une tenue confortable pour bouger dans les quatre positions : coucher\/4 pattes\/debout\/assis. Des vestiaires sont \u00e0 votre disposition si besoin. Vous aurez besoin d\u2019un drap de bain, d&rsquo;une 2 \u00e9me paire de chaussettes strictement r\u00e9serv\u00e9es&nbsp;au tatami pour la pratique&#8230; [&hellip;]<\/p>\n","protected":false},"author":1,"featured_media":261,"parent":0,"menu_order":2,"comment_status":"open","ping_status":"open","template":"page-big.php","meta":[],"_links":{"self":[{"href":"https:\/\/yogamallemort.fr\/index.php?rest_route=\/wp\/v2\/pages\/29"}],"collection":[{"href":"https:\/\/yogamallemort.fr\/index.php?rest_route=\/wp\/v2\/pages"}],"about":[{"href":"https:\/\/yogamallemort.fr\/index.php?rest_route=\/wp\/v2\/types\/page"}],"author":[{"embeddable":true,"href":"https:\/\/yogamallemort.fr\/index.php?rest_route=\/wp\/v2\/users\/1"}],"replies":[{"embeddable":true,"href":"https:\/\/yogamallemort.fr\/index.php?rest_route=%2Fwp%2Fv2%2Fcomments&post=29"}],"version-history":[{"count":197,"href":"https:\/\/yogamallemort.fr\/index.php?rest_route=\/wp\/v2\/pages\/29\/revisions"}],"predecessor-version":[{"id":831,"href":"https:\/\/yogamallemort.fr\/index.php?rest_route=\/wp\/v2\/pages\/29\/revisions\/831"}],"wp:featuredmedia":[{"embeddable":true,"href":"https:\/\/yogamallemort.fr\/index.php?rest_route=\/wp\/v2\/media\/261"}],"wp:attachment":[{"href":"https:\/\/yogamallemort.fr\/index.php?rest_route=%2Fwp%2Fv2%2Fmedia&parent=29"}],"curies":[{"name":"wp","href":"https:\/\/api.w.org\/{rel}","templated":true}]}}